{"id":18901,"date":"2023-09-13T11:41:45","date_gmt":"2023-09-13T09:41:45","guid":{"rendered":"https:\/\/inmohousing.entorno-test.com\/?page_id=18901"},"modified":"2023-11-23T17:08:44","modified_gmt":"2023-11-23T16:08:44","slug":"virginia-araujo","status":"publish","type":"page","link":"https:\/\/inmohousing.es\/en\/sobre-inmohousing\/virginia-araujo\/","title":{"rendered":"Virginia Araujo"},"content":{"rendered":"<div data-elementor-type=\"wp-page\" data-elementor-id=\"18901\" class=\"elementor elementor-18901\" data-elementor-post-type=\"page\">\n\t\t\t\t\t\t\t<div class=\"elementor-element elementor-element-eb5b19b e-flex e-con-boxed e-con e-parent\" data-id=\"eb5b19b\" data-element_type=\"container\" data-settings=\"{&quot;content_width&quot;:&quot;boxed&quot;}\" data-core-v316-plus=\"true\">\n\t\t\t\t\t<div class=\"e-con-inner\">\n\t\t<div class=\"elementor-element elementor-element-8f8247e e-con-full e-flex e-con e-child\" data-id=\"8f8247e\" data-element_type=\"container\" data-settings=\"{&quot;content_width&quot;:&quot;full&quot;}\">\n\t\t\t\t<div class=\"elementor-element elementor-element-5534b86 elementor-widget elementor-widget-image\" data-id=\"5534b86\" data-element_type=\"widget\" data-widget_type=\"image.default\">\n\t\t\t\t<div class=\"elementor-widget-container\">\n\t\t\t<style>\/*! elementor - v3.16.0 - 09-10-2023 *\/\n.elementor-widget-image{text-align:center}.elementor-widget-image a{display:inline-block}.elementor-widget-image a img[src$=\".svg\"]{width:48px}.elementor-widget-image img{vertical-align:middle;display:inline-block}<\/style>\t\t\t\t\t\t\t\t\t\t\t\t<img loading=\"lazy\" decoding=\"async\" width=\"784\" height=\"1028\" src=\"https:\/\/inmohousing.es\/wp-content\/uploads\/2023\/11\/Virginia.jpeg\" class=\"attachment-full size-full wp-image-20310\" alt=\"\" srcset=\"https:\/\/inmohousing.es\/wp-content\/uploads\/2023\/11\/Virginia.jpeg 784w, https:\/\/inmohousing.es\/wp-content\/uploads\/2023\/11\/Virginia-229x300.jpeg 229w, https:\/\/inmohousing.es\/wp-content\/uploads\/2023\/11\/Virginia-781x1024.jpeg 781w, https:\/\/inmohousing.es\/wp-content\/uploads\/2023\/11\/Virginia-768x1007.jpeg 768w, https:\/\/inmohousing.es\/wp-content\/uploads\/2023\/11\/Virginia-9x12.jpeg 9w, https:\/\/inmohousing.es\/wp-content\/uploads\/2023\/11\/Virginia-458x600.jpeg 458w, https:\/\/inmohousing.es\/wp-content\/uploads\/2023\/11\/Virginia-496x650.jpeg 496w\" sizes=\"auto, (max-width: 784px) 100vw, 784px\" \/>\t\t\t\t\t\t\t\t\t\t\t\t\t\t\t<\/div>\n\t\t\t\t<\/div>\n\t\t\t\t<\/div>\n\t\t<div class=\"elementor-element elementor-element-7d181f4 e-con-full e-flex e-con e-child\" data-id=\"7d181f4\" data-element_type=\"container\" data-settings=\"{&quot;content_width&quot;:&quot;full&quot;}\">\n\t\t<div class=\"elementor-element elementor-element-07aee05 e-flex e-con-boxed e-con e-child\" data-id=\"07aee05\" data-element_type=\"container\" data-settings=\"{&quot;content_width&quot;:&quot;boxed&quot;}\">\n\t\t\t\t\t<div class=\"e-con-inner\">\n\t\t\t\t<div class=\"elementor-element elementor-element-7bca920 animated-slow elementor-invisible elementor-widget elementor-widget-houzez_elementor_section_title\" data-id=\"7bca920\" data-element_type=\"widget\" data-settings=\"{&quot;_animation&quot;:&quot;fadeIn&quot;}\" data-widget_type=\"houzez_elementor_section_title.default\">\n\t\t\t\t<div class=\"elementor-widget-container\">\n\t\t\t            <div class=\"houzez_section_title_wrap section-title-module\">\n                                    <h2 class=\"houzez_section_title\">Virginia Araujo<\/h2>\n                \n                                    <p class=\"houzez_section_subtitle\">MANAGER DIRECCI\u00d3N\nRRHH<\/p>\n                            <\/div>\n            \t\t<\/div>\n\t\t\t\t<\/div>\n\t\t\t\t<div class=\"elementor-element elementor-element-d897c14 elementor-widget elementor-widget-text-editor\" data-id=\"d897c14\" data-element_type=\"widget\" data-widget_type=\"text-editor.default\">\n\t\t\t\t<div class=\"elementor-widget-container\">\n\t\t\t<style>\/*! elementor - v3.16.0 - 09-10-2023 *\/\n.elementor-widget-text-editor.elementor-drop-cap-view-stacked .elementor-drop-cap{background-color:#69727d;color:#fff}.elementor-widget-text-editor.elementor-drop-cap-view-framed .elementor-drop-cap{color:#69727d;border:3px solid;background-color:transparent}.elementor-widget-text-editor:not(.elementor-drop-cap-view-default) .elementor-drop-cap{margin-top:8px}.elementor-widget-text-editor:not(.elementor-drop-cap-view-default) .elementor-drop-cap-letter{width:1em;height:1em}.elementor-widget-text-editor .elementor-drop-cap{float:left;text-align:center;line-height:1;font-size:50px}.elementor-widget-text-editor .elementor-drop-cap-letter{display:inline-block}<\/style>\t\t\t\t<p>\u00a1Hola! Soy Virginia, una apasionada de mi trabajo con muchos a\u00f1os de experiencia en el asesoramiento inmobiliario. Mi compromiso es hacer que no solo encuentres la casa de tus sue\u00f1os sino tambi\u00e9n la que necesitas.<\/p>\t\t\t\t\t\t<\/div>\n\t\t\t\t<\/div>\n\t\t\t\t\t<\/div>\n\t\t\t\t<\/div>\n\t\t\t\t<div class=\"elementor-element elementor-element-1108936 elementor-icon-list--layout-traditional elementor-list-item-link-full_width elementor-widget elementor-widget-icon-list\" data-id=\"1108936\" data-element_type=\"widget\" data-widget_type=\"icon-list.default\">\n\t\t\t\t<div class=\"elementor-widget-container\">\n\t\t\t<link rel=\"stylesheet\" href=\"https:\/\/inmohousing.es\/wp-content\/plugins\/elementor\/assets\/css\/widget-icon-list.min.css\">\t\t<ul class=\"elementor-icon-list-items\">\n\t\t\t\t\t\t\t<li class=\"elementor-icon-list-item\">\n\t\t\t\t\t\t\t\t\t\t\t<span class=\"elementor-icon-list-icon\">\n\t\t\t\t\t\t\t<i aria-hidden=\"true\" class=\"fa fa-phone\"><\/i>\t\t\t\t\t\t<\/span>\n\t\t\t\t\t\t\t\t\t\t<span class=\"elementor-icon-list-text\">652 328 978<\/span>\n\t\t\t\t\t\t\t\t\t<\/li>\n\t\t\t\t\t\t<\/ul>\n\t\t\t\t<\/div>\n\t\t\t\t<\/div>\n\t\t\t\t<\/div>\n\t\t\t\t\t<\/div>\n\t\t\t\t<\/div>\n\t\t\t\t\t\t\t<\/div>","protected":false},"excerpt":{"rendered":"<p>Virginia Araujo MANAGER DIRECCI\u00d3N RRHH \u00a1Hola! Soy Virginia, una apasionada de mi trabajo con muchos a\u00f1os de experiencia en el asesoramiento inmobiliario. Mi compromiso es hacer que no solo encuentres la casa de tus sue\u00f1os sino tambi\u00e9n la que necesitas. 652 328 978<\/p>","protected":false},"author":1,"featured_media":0,"parent":16650,"menu_order":0,"comment_status":"closed","ping_status":"closed","template":"elementor_header_footer","meta":{"footnotes":""},"class_list":["post-18901","page","type-page","status-publish","hentry"],"aioseo_notices":[],"_links":{"self":[{"href":"https:\/\/inmohousing.es\/en\/wp-json\/wp\/v2\/pages\/18901","targetHints":{"allow":["GET"]}}],"collection":[{"href":"https:\/\/inmohousing.es\/en\/wp-json\/wp\/v2\/pages"}],"about":[{"href":"https:\/\/inmohousing.es\/en\/wp-json\/wp\/v2\/types\/page"}],"author":[{"embeddable":true,"href":"https:\/\/inmohousing.es\/en\/wp-json\/wp\/v2\/users\/1"}],"replies":[{"embeddable":true,"href":"https:\/\/inmohousing.es\/en\/wp-json\/wp\/v2\/comments?post=18901"}],"version-history":[{"count":43,"href":"https:\/\/inmohousing.es\/en\/wp-json\/wp\/v2\/pages\/18901\/revisions"}],"predecessor-version":[{"id":20530,"href":"https:\/\/inmohousing.es\/en\/wp-json\/wp\/v2\/pages\/18901\/revisions\/20530"}],"up":[{"embeddable":true,"href":"https:\/\/inmohousing.es\/en\/wp-json\/wp\/v2\/pages\/16650"}],"wp:attachment":[{"href":"https:\/\/inmohousing.es\/en\/wp-json\/wp\/v2\/media?parent=18901"}],"curies":[{"name":"wp","href":"https:\/\/api.w.org\/{rel}","templated":true}]}}