{"id":18907,"date":"2023-09-13T11:43:31","date_gmt":"2023-09-13T09:43:31","guid":{"rendered":"https:\/\/inmohousing.entorno-test.com\/?page_id=18907"},"modified":"2023-10-18T13:19:00","modified_gmt":"2023-10-18T11:19:00","slug":"ana-lafon","status":"publish","type":"page","link":"https:\/\/inmohousing.es\/en\/sobre-inmohousing\/ana-lafon\/","title":{"rendered":"Ana Laf\u00f3n"},"content":{"rendered":"<div data-elementor-type=\"wp-page\" data-elementor-id=\"18907\" class=\"elementor elementor-18907\" data-elementor-post-type=\"page\">\n\t\t\t\t\t\t\t<div class=\"elementor-element elementor-element-e8ae10c e-flex e-con-boxed e-con e-parent\" data-id=\"e8ae10c\" data-element_type=\"container\" data-settings=\"{&quot;content_width&quot;:&quot;boxed&quot;}\" data-core-v316-plus=\"true\">\n\t\t\t\t\t<div class=\"e-con-inner\">\n\t\t<div class=\"elementor-element elementor-element-0f71250 e-con-full e-flex e-con e-child\" data-id=\"0f71250\" data-element_type=\"container\" data-settings=\"{&quot;content_width&quot;:&quot;full&quot;}\">\n\t\t\t\t<div class=\"elementor-element elementor-element-62b4ba9 elementor-widget elementor-widget-image\" data-id=\"62b4ba9\" data-element_type=\"widget\" data-widget_type=\"image.default\">\n\t\t\t\t<div class=\"elementor-widget-container\">\n\t\t\t<style>\/*! elementor - v3.16.0 - 09-10-2023 *\/\n.elementor-widget-image{text-align:center}.elementor-widget-image a{display:inline-block}.elementor-widget-image a img[src$=\".svg\"]{width:48px}.elementor-widget-image img{vertical-align:middle;display:inline-block}<\/style>\t\t\t\t\t\t\t\t\t\t\t\t<img loading=\"lazy\" decoding=\"async\" width=\"784\" height=\"1028\" src=\"https:\/\/inmohousing.es\/wp-content\/uploads\/2023\/10\/Ana.jpg\" class=\"attachment-full size-full wp-image-19638\" alt=\"\" srcset=\"https:\/\/inmohousing.es\/wp-content\/uploads\/2023\/10\/Ana.jpg 784w, https:\/\/inmohousing.es\/wp-content\/uploads\/2023\/10\/Ana-229x300.jpg 229w, https:\/\/inmohousing.es\/wp-content\/uploads\/2023\/10\/Ana-781x1024.jpg 781w, https:\/\/inmohousing.es\/wp-content\/uploads\/2023\/10\/Ana-768x1007.jpg 768w, https:\/\/inmohousing.es\/wp-content\/uploads\/2023\/10\/Ana-9x12.jpg 9w, https:\/\/inmohousing.es\/wp-content\/uploads\/2023\/10\/Ana-458x600.jpg 458w, https:\/\/inmohousing.es\/wp-content\/uploads\/2023\/10\/Ana-496x650.jpg 496w\" sizes=\"auto, (max-width: 784px) 100vw, 784px\" \/>\t\t\t\t\t\t\t\t\t\t\t\t\t\t\t<\/div>\n\t\t\t\t<\/div>\n\t\t\t\t<\/div>\n\t\t<div class=\"elementor-element elementor-element-b85e92b e-con-full e-flex e-con e-child\" data-id=\"b85e92b\" data-element_type=\"container\" data-settings=\"{&quot;content_width&quot;:&quot;full&quot;}\">\n\t\t<div class=\"elementor-element elementor-element-e5c2a2d e-flex e-con-boxed e-con e-child\" data-id=\"e5c2a2d\" data-element_type=\"container\" data-settings=\"{&quot;content_width&quot;:&quot;boxed&quot;}\">\n\t\t\t\t\t<div class=\"e-con-inner\">\n\t\t\t\t<div class=\"elementor-element elementor-element-c897aeb animated-slow elementor-invisible elementor-widget elementor-widget-houzez_elementor_section_title\" data-id=\"c897aeb\" data-element_type=\"widget\" data-settings=\"{&quot;_animation&quot;:&quot;fadeIn&quot;}\" data-widget_type=\"houzez_elementor_section_title.default\">\n\t\t\t\t<div class=\"elementor-widget-container\">\n\t\t\t            <div class=\"houzez_section_title_wrap section-title-module\">\n                                    <h2 class=\"houzez_section_title\">Ana Laf\u00f3n<\/h2>\n                \n                                    <p class=\"houzez_section_subtitle\">Departamento Comercial<\/p>\n                            <\/div>\n            \t\t<\/div>\n\t\t\t\t<\/div>\n\t\t\t\t<div class=\"elementor-element elementor-element-c2ceac2 elementor-widget elementor-widget-text-editor\" data-id=\"c2ceac2\" data-element_type=\"widget\" data-widget_type=\"text-editor.default\">\n\t\t\t\t<div class=\"elementor-widget-container\">\n\t\t\t<style>\/*! elementor - v3.16.0 - 09-10-2023 *\/\n.elementor-widget-text-editor.elementor-drop-cap-view-stacked .elementor-drop-cap{background-color:#69727d;color:#fff}.elementor-widget-text-editor.elementor-drop-cap-view-framed .elementor-drop-cap{color:#69727d;border:3px solid;background-color:transparent}.elementor-widget-text-editor:not(.elementor-drop-cap-view-default) .elementor-drop-cap{margin-top:8px}.elementor-widget-text-editor:not(.elementor-drop-cap-view-default) .elementor-drop-cap-letter{width:1em;height:1em}.elementor-widget-text-editor .elementor-drop-cap{float:left;text-align:center;line-height:1;font-size:50px}.elementor-widget-text-editor .elementor-drop-cap-letter{display:inline-block}<\/style>\t\t\t\t<p>Soy Ana Lafon, y me complace presentarme como una experta en venta de obra nueva. Con m\u00e1s de 15 a\u00f1os de experiencia en el mercado inmobiliario y un historial de \u00e9xito en la comercializaci\u00f3n de proyectos de obra nueva, estoy segura de que puedo ayudarte a alcanzar tus objetivos inmobiliarios. Mi enfoque se centra en comprender las necesidades individuales de mis clientes y proporcionar soluciones a medida que se adapten a sus objetivos y presupuesto. Te acompa\u00f1o y asesoro en todo momento para que logres tus objetivos, hasta los que no imaginabas que pod\u00edan existir.<\/p>\t\t\t\t\t\t<\/div>\n\t\t\t\t<\/div>\n\t\t\t\t\t<\/div>\n\t\t\t\t<\/div>\n\t\t\t\t<div class=\"elementor-element elementor-element-b6a419a elementor-icon-list--layout-traditional elementor-list-item-link-full_width elementor-widget elementor-widget-icon-list\" data-id=\"b6a419a\" data-element_type=\"widget\" data-widget_type=\"icon-list.default\">\n\t\t\t\t<div class=\"elementor-widget-container\">\n\t\t\t<link rel=\"stylesheet\" href=\"https:\/\/inmohousing.es\/wp-content\/plugins\/elementor\/assets\/css\/widget-icon-list.min.css\">\t\t<ul class=\"elementor-icon-list-items\">\n\t\t\t\t\t\t\t<li class=\"elementor-icon-list-item\">\n\t\t\t\t\t\t\t\t\t\t\t<span class=\"elementor-icon-list-icon\">\n\t\t\t\t\t\t\t<i aria-hidden=\"true\" class=\"fa fa-phone\"><\/i>\t\t\t\t\t\t<\/span>\n\t\t\t\t\t\t\t\t\t\t<span class=\"elementor-icon-list-text\">661 445 303<\/span>\n\t\t\t\t\t\t\t\t\t<\/li>\n\t\t\t\t\t\t<\/ul>\n\t\t\t\t<\/div>\n\t\t\t\t<\/div>\n\t\t\t\t<\/div>\n\t\t\t\t\t<\/div>\n\t\t\t\t<\/div>\n\t\t\t\t\t\t\t<\/div>","protected":false},"excerpt":{"rendered":"<p>Ana Laf\u00f3n Departamento Comercial Soy Ana Lafon, y me complace presentarme como una experta en venta de obra nueva. Con m\u00e1s de 15 a\u00f1os de experiencia en el mercado inmobiliario y un historial de \u00e9xito en la comercializaci\u00f3n de proyectos de obra nueva, estoy segura de que puedo ayudarte a alcanzar tus objetivos inmobiliarios. Mi [&hellip;]<\/p>","protected":false},"author":1,"featured_media":0,"parent":16650,"menu_order":0,"comment_status":"closed","ping_status":"closed","template":"elementor_header_footer","meta":{"footnotes":""},"class_list":["post-18907","page","type-page","status-publish","hentry"],"aioseo_notices":[],"_links":{"self":[{"href":"https:\/\/inmohousing.es\/en\/wp-json\/wp\/v2\/pages\/18907","targetHints":{"allow":["GET"]}}],"collection":[{"href":"https:\/\/inmohousing.es\/en\/wp-json\/wp\/v2\/pages"}],"about":[{"href":"https:\/\/inmohousing.es\/en\/wp-json\/wp\/v2\/types\/page"}],"author":[{"embeddable":true,"href":"https:\/\/inmohousing.es\/en\/wp-json\/wp\/v2\/users\/1"}],"replies":[{"embeddable":true,"href":"https:\/\/inmohousing.es\/en\/wp-json\/wp\/v2\/comments?post=18907"}],"version-history":[{"count":58,"href":"https:\/\/inmohousing.es\/en\/wp-json\/wp\/v2\/pages\/18907\/revisions"}],"predecessor-version":[{"id":19650,"href":"https:\/\/inmohousing.es\/en\/wp-json\/wp\/v2\/pages\/18907\/revisions\/19650"}],"up":[{"embeddable":true,"href":"https:\/\/inmohousing.es\/en\/wp-json\/wp\/v2\/pages\/16650"}],"wp:attachment":[{"href":"https:\/\/inmohousing.es\/en\/wp-json\/wp\/v2\/media?parent=18907"}],"curies":[{"name":"wp","href":"https:\/\/api.w.org\/{rel}","templated":true}]}}