{"id":19574,"date":"2023-10-02T09:55:10","date_gmt":"2023-10-02T07:55:10","guid":{"rendered":"https:\/\/inmohousing.entorno-test.com\/?page_id=19574"},"modified":"2023-11-23T17:06:22","modified_gmt":"2023-11-23T16:06:22","slug":"juan-giner","status":"publish","type":"page","link":"https:\/\/inmohousing.es\/en\/sobre-inmohousing\/juan-giner\/","title":{"rendered":"Juan Giner"},"content":{"rendered":"<div data-elementor-type=\"wp-page\" data-elementor-id=\"19574\" class=\"elementor elementor-19574\" data-elementor-post-type=\"page\">\n\t\t\t\t\t\t\t<div class=\"elementor-element elementor-element-37ca81e5 e-flex e-con-boxed e-con e-parent\" data-id=\"37ca81e5\" data-element_type=\"container\" data-settings=\"{&quot;content_width&quot;:&quot;boxed&quot;}\" data-core-v316-plus=\"true\">\n\t\t\t\t\t<div class=\"e-con-inner\">\n\t\t<div class=\"elementor-element elementor-element-7af7bc81 e-con-full e-flex e-con e-child\" data-id=\"7af7bc81\" data-element_type=\"container\" data-settings=\"{&quot;content_width&quot;:&quot;full&quot;}\">\n\t\t\t\t<div class=\"elementor-element elementor-element-35df9776 elementor-widget elementor-widget-image\" data-id=\"35df9776\" data-element_type=\"widget\" data-widget_type=\"image.default\">\n\t\t\t\t<div class=\"elementor-widget-container\">\n\t\t\t<style>\/*! elementor - v3.16.0 - 09-10-2023 *\/\n.elementor-widget-image{text-align:center}.elementor-widget-image a{display:inline-block}.elementor-widget-image a img[src$=\".svg\"]{width:48px}.elementor-widget-image img{vertical-align:middle;display:inline-block}<\/style>\t\t\t\t\t\t\t\t\t\t\t\t<img loading=\"lazy\" decoding=\"async\" width=\"784\" height=\"1028\" src=\"https:\/\/inmohousing.es\/wp-content\/uploads\/2023\/10\/Juan-Giner.jpg\" class=\"attachment-full size-full wp-image-19631\" alt=\"\" srcset=\"https:\/\/inmohousing.es\/wp-content\/uploads\/2023\/10\/Juan-Giner.jpg 784w, https:\/\/inmohousing.es\/wp-content\/uploads\/2023\/10\/Juan-Giner-229x300.jpg 229w, https:\/\/inmohousing.es\/wp-content\/uploads\/2023\/10\/Juan-Giner-781x1024.jpg 781w, https:\/\/inmohousing.es\/wp-content\/uploads\/2023\/10\/Juan-Giner-768x1007.jpg 768w, https:\/\/inmohousing.es\/wp-content\/uploads\/2023\/10\/Juan-Giner-9x12.jpg 9w, https:\/\/inmohousing.es\/wp-content\/uploads\/2023\/10\/Juan-Giner-458x600.jpg 458w, https:\/\/inmohousing.es\/wp-content\/uploads\/2023\/10\/Juan-Giner-496x650.jpg 496w\" sizes=\"auto, (max-width: 784px) 100vw, 784px\" \/>\t\t\t\t\t\t\t\t\t\t\t\t\t\t\t<\/div>\n\t\t\t\t<\/div>\n\t\t\t\t<\/div>\n\t\t<div class=\"elementor-element elementor-element-121d77af e-con-full e-flex e-con e-child\" data-id=\"121d77af\" data-element_type=\"container\" data-settings=\"{&quot;content_width&quot;:&quot;full&quot;}\">\n\t\t<div class=\"elementor-element elementor-element-505f20b8 e-flex e-con-boxed e-con e-child\" data-id=\"505f20b8\" data-element_type=\"container\" data-settings=\"{&quot;content_width&quot;:&quot;boxed&quot;}\">\n\t\t\t\t\t<div class=\"e-con-inner\">\n\t\t\t\t<div class=\"elementor-element elementor-element-1a16ed46 animated-slow elementor-invisible elementor-widget elementor-widget-houzez_elementor_section_title\" data-id=\"1a16ed46\" data-element_type=\"widget\" data-settings=\"{&quot;_animation&quot;:&quot;fadeIn&quot;}\" data-widget_type=\"houzez_elementor_section_title.default\">\n\t\t\t\t<div class=\"elementor-widget-container\">\n\t\t\t            <div class=\"houzez_section_title_wrap section-title-module\">\n                                    <h2 class=\"houzez_section_title\">Juan Giner<\/h2>\n                \n                                    <p class=\"houzez_section_subtitle\">CEO<\/p>\n                            <\/div>\n            \t\t<\/div>\n\t\t\t\t<\/div>\n\t\t\t\t<div class=\"elementor-element elementor-element-f7dab4 elementor-widget elementor-widget-text-editor\" data-id=\"f7dab4\" data-element_type=\"widget\" data-widget_type=\"text-editor.default\">\n\t\t\t\t<div class=\"elementor-widget-container\">\n\t\t\t<style>\/*! elementor - v3.16.0 - 09-10-2023 *\/\n.elementor-widget-text-editor.elementor-drop-cap-view-stacked .elementor-drop-cap{background-color:#69727d;color:#fff}.elementor-widget-text-editor.elementor-drop-cap-view-framed .elementor-drop-cap{color:#69727d;border:3px solid;background-color:transparent}.elementor-widget-text-editor:not(.elementor-drop-cap-view-default) .elementor-drop-cap{margin-top:8px}.elementor-widget-text-editor:not(.elementor-drop-cap-view-default) .elementor-drop-cap-letter{width:1em;height:1em}.elementor-widget-text-editor .elementor-drop-cap{float:left;text-align:center;line-height:1;font-size:50px}.elementor-widget-text-editor .elementor-drop-cap-letter{display:inline-block}<\/style>\t\t\t\t<p>\u00a1Hola! Mi nombre es Juan, soy un profesional inquieto en el sector inmobiliario. Con bastantes a\u00f1os a las espaldas en el sector. En nuestra empresa hemos creado una forma de trabajo m\u00e1s colaborativa y optimizada. Nuestro enfoque se centra en facilitar la venta de inmuebles con la mejor garant\u00eda y facilidad y mi objetivo es mejorar la imagen del mercado inmobiliario en toda su extensi\u00f3n. Estoy entusiasmado por la posibilidad de colaborar contigo y juntos lograrlo. \u00a1Hagamos que suceda!<\/p>\t\t\t\t\t\t<\/div>\n\t\t\t\t<\/div>\n\t\t\t\t\t<\/div>\n\t\t\t\t<\/div>\n\t\t\t\t<div class=\"elementor-element elementor-element-760ef8e0 elementor-icon-list--layout-traditional elementor-list-item-link-full_width elementor-widget elementor-widget-icon-list\" data-id=\"760ef8e0\" data-element_type=\"widget\" data-widget_type=\"icon-list.default\">\n\t\t\t\t<div class=\"elementor-widget-container\">\n\t\t\t<link rel=\"stylesheet\" href=\"https:\/\/inmohousing.es\/wp-content\/plugins\/elementor\/assets\/css\/widget-icon-list.min.css\">\t\t<ul class=\"elementor-icon-list-items\">\n\t\t\t\t\t\t\t<li class=\"elementor-icon-list-item\">\n\t\t\t\t\t\t\t\t\t\t\t<span class=\"elementor-icon-list-icon\">\n\t\t\t\t\t\t\t<i aria-hidden=\"true\" class=\"fa fa-phone\"><\/i>\t\t\t\t\t\t<\/span>\n\t\t\t\t\t\t\t\t\t\t<span class=\"elementor-icon-list-text\">657 504 034<\/span>\n\t\t\t\t\t\t\t\t\t<\/li>\n\t\t\t\t\t\t<\/ul>\n\t\t\t\t<\/div>\n\t\t\t\t<\/div>\n\t\t\t\t<\/div>\n\t\t\t\t\t<\/div>\n\t\t\t\t<\/div>\n\t\t\t\t\t\t\t<\/div>","protected":false},"excerpt":{"rendered":"<p>Juan Giner CEO \u00a1Hola! Mi nombre es Juan, soy un profesional inquieto en el sector inmobiliario. Con bastantes a\u00f1os a las espaldas en el sector. En nuestra empresa hemos creado una forma de trabajo m\u00e1s colaborativa y optimizada. Nuestro enfoque se centra en facilitar la venta de inmuebles con la mejor garant\u00eda y facilidad y [&hellip;]<\/p>","protected":false},"author":1,"featured_media":0,"parent":16650,"menu_order":0,"comment_status":"closed","ping_status":"closed","template":"elementor_header_footer","meta":{"footnotes":""},"class_list":["post-19574","page","type-page","status-publish","hentry"],"aioseo_notices":[],"_links":{"self":[{"href":"https:\/\/inmohousing.es\/en\/wp-json\/wp\/v2\/pages\/19574","targetHints":{"allow":["GET"]}}],"collection":[{"href":"https:\/\/inmohousing.es\/en\/wp-json\/wp\/v2\/pages"}],"about":[{"href":"https:\/\/inmohousing.es\/en\/wp-json\/wp\/v2\/types\/page"}],"author":[{"embeddable":true,"href":"https:\/\/inmohousing.es\/en\/wp-json\/wp\/v2\/users\/1"}],"replies":[{"embeddable":true,"href":"https:\/\/inmohousing.es\/en\/wp-json\/wp\/v2\/comments?post=19574"}],"version-history":[{"count":11,"href":"https:\/\/inmohousing.es\/en\/wp-json\/wp\/v2\/pages\/19574\/revisions"}],"predecessor-version":[{"id":20527,"href":"https:\/\/inmohousing.es\/en\/wp-json\/wp\/v2\/pages\/19574\/revisions\/20527"}],"up":[{"embeddable":true,"href":"https:\/\/inmohousing.es\/en\/wp-json\/wp\/v2\/pages\/16650"}],"wp:attachment":[{"href":"https:\/\/inmohousing.es\/en\/wp-json\/wp\/v2\/media?parent=19574"}],"curies":[{"name":"wp","href":"https:\/\/api.w.org\/{rel}","templated":true}]}}